{"id":713,"date":"2021-04-14T14:19:32","date_gmt":"2021-04-14T12:19:32","guid":{"rendered":"https:\/\/www.vote-for-peace.org\/?page_id=713"},"modified":"2025-07-27T13:45:21","modified_gmt":"2025-07-27T11:45:21","slug":"join","status":"publish","type":"page","link":"https:\/\/www.vote-for-peace.org\/de\/join\/","title":{"rendered":"Mach mit!"},"content":{"rendered":"\t\t<div data-elementor-type=\"wp-page\" data-elementor-id=\"713\" class=\"elementor elementor-713\" data-elementor-post-type=\"page\">\n\t\t\t\t<div class=\"elementor-element elementor-element-519bc43 e-flex e-con-boxed e-con e-parent\" data-id=\"519bc43\" data-element_type=\"container\" data-e-type=\"container\">\n\t\t\t\t\t<div class=\"e-con-inner\">\n\t\t\t\t\t<\/div>\n\t\t\t\t<\/div>\n\t\t<div class=\"elementor-element elementor-element-5ac9805 e-flex e-con-boxed e-con e-parent\" data-id=\"5ac9805\" data-element_type=\"container\" data-e-type=\"container\">\n\t\t\t\t\t<div class=\"e-con-inner\">\n\t\t\t\t<div class=\"elementor-element elementor-element-411f46a elementor-widget elementor-widget-text-editor\" data-id=\"411f46a\" data-element_type=\"widget\" data-e-type=\"widget\" data-widget_type=\"text-editor.default\">\n\t\t\t\t<div class=\"elementor-widget-container\">\n\t\t\t\t\t\t\t\t\t<p>Wenn Du bei Vote For Peace teilnehmen m\u00f6chtest, gibt es folgende M\u00f6glichkeiten:<\/p>\t\t\t\t\t\t\t\t<\/div>\n\t\t\t\t<\/div>\n\t\t\t\t<div class=\"elementor-element elementor-element-b77c811 elementor-widget elementor-widget-text-editor\" data-id=\"b77c811\" data-element_type=\"widget\" data-e-type=\"widget\" data-widget_type=\"text-editor.default\">\n\t\t\t\t<div class=\"elementor-widget-container\">\n\t\t\t\t\t\t\t\t\t<h2>Stimmen sammeln<\/h2>\n<p>Mit Deinem Smartphone kannst Du Stimmen und Selfies sammeln. Frag Deine Freunde und Bekannten und bitte sie ihren Klick f\u00fcr den Frieden zu machen. Nat\u00fcrlich kannst Du auch andere Personen fragen. Denk aber bitte immer an die Regeln des Projektes.<\/p>\n<h2>\u00dcbersetzungen und Korrekturen<\/h2>\n<p>Vote For Peace richtet sich an alle Menschen weltweit. Diese Webseite soll daher in allen Sprachen verf\u00fcgbar sein. Hierf\u00fcr brauchen wir Deine Hilfe. Wenn eine Sprache fehlt, hilf uns bitte bei der \u00dcbersetzung und nat\u00fcrlich auch bei der Suche nach Fehlern.<\/p>\n<h2>Weitersagen<\/h2>\n<p>Erz\u00e4hle anderen Personen von diesem Projekt und teile es in den sozialen Netzwerken.<\/p>\t\t\t\t\t\t\t\t<\/div>\n\t\t\t\t<\/div>\n\t\t\t\t\t<\/div>\n\t\t\t\t<\/div>\n\t\t\t\t<\/div>\n\t\t","protected":false},"excerpt":{"rendered":"<p>Wenn Du bei Vote For Peace teilnehmen m\u00f6chtest, gibt es folgende M\u00f6glichkeiten: Stimmen sammeln Mit Deinem Smartphone kannst Du Stimmen und Selfies sammeln. Frag Deine Freunde und Bekannten und bitte [&hellip;]<\/p>\n","protected":false},"author":1,"featured_media":0,"parent":0,"menu_order":0,"comment_status":"closed","ping_status":"closed","template":"","meta":{"footnotes":""},"class_list":["post-713","page","type-page","status-publish","hentry"],"_links":{"self":[{"href":"https:\/\/www.vote-for-peace.org\/de\/wp-json\/wp\/v2\/pages\/713","targetHints":{"allow":["GET"]}}],"collection":[{"href":"https:\/\/www.vote-for-peace.org\/de\/wp-json\/wp\/v2\/pages"}],"about":[{"href":"https:\/\/www.vote-for-peace.org\/de\/wp-json\/wp\/v2\/types\/page"}],"author":[{"embeddable":true,"href":"https:\/\/www.vote-for-peace.org\/de\/wp-json\/wp\/v2\/users\/1"}],"replies":[{"embeddable":true,"href":"https:\/\/www.vote-for-peace.org\/de\/wp-json\/wp\/v2\/comments?post=713"}],"version-history":[{"count":11,"href":"https:\/\/www.vote-for-peace.org\/de\/wp-json\/wp\/v2\/pages\/713\/revisions"}],"predecessor-version":[{"id":3948,"href":"https:\/\/www.vote-for-peace.org\/de\/wp-json\/wp\/v2\/pages\/713\/revisions\/3948"}],"wp:attachment":[{"href":"https:\/\/www.vote-for-peace.org\/de\/wp-json\/wp\/v2\/media?parent=713"}],"curies":[{"name":"wp","href":"https:\/\/api.w.org\/{rel}","templated":true}]}}