{"id":1285,"date":"2022-08-12T10:22:58","date_gmt":"2022-08-12T08:22:58","guid":{"rendered":"https:\/\/www.vote-for-peace.org\/?page_id=1285"},"modified":"2025-08-06T15:39:33","modified_gmt":"2025-08-06T13:39:33","slug":"imprint","status":"publish","type":"page","link":"https:\/\/www.vote-for-peace.org\/uk\/imprint\/","title":{"rendered":"\u0432\u0456\u0434\u0431\u0438\u0442\u043e\u043a"},"content":{"rendered":"<div data-elementor-type=\"wp-page\" data-elementor-id=\"1285\" class=\"elementor elementor-1285\" data-elementor-post-type=\"page\">\n\t\t\t\t<div class=\"elementor-element elementor-element-1e549c7 e-flex e-con-boxed e-con e-parent\" data-id=\"1e549c7\" data-element_type=\"container\" data-e-type=\"container\">\n\t\t\t\t\t<div class=\"e-con-inner\">\n\t\t\t\t\t<\/div>\n\t\t\t\t<\/div>\n\t\t<div class=\"elementor-element elementor-element-a1ac29b e-flex e-con-boxed e-con e-parent\" data-id=\"a1ac29b\" data-element_type=\"container\" data-e-type=\"container\">\n\t\t\t\t\t<div class=\"e-con-inner\">\n\t\t\t\t<div class=\"elementor-element elementor-element-4a749aa elementor-widget elementor-widget-text-editor\" data-id=\"4a749aa\" data-element_type=\"widget\" data-e-type=\"widget\" data-widget_type=\"text-editor.default\">\n\t\t\t\t<div class=\"elementor-widget-container\">\n\t\t\t\t\t\t\t\t\t<p><strong>Verantwortlich f\u00fcr den Inhalt<\/strong><\/p><p>\u0413\u043e\u043b\u043e\u0441\u0443\u0439\u0442\u0435 \u0437\u0430 \u043c\u0438\u0440<br \/>\u041f\u0435\u0442\u0440\u043e \u041a\u0438\u043d\u0430\u0441\u0442<br \/>Hochstrasse 14<br \/>33615 \u0411\u0456\u043b\u0435\u0444\u0435\u043b\u044c\u0434<br \/>Deutschland<\/p><p><b>\u043a\u043e\u043d\u0442\u0430\u043a\u0442<\/b><br \/>\u0422\u0435\u043b\u0435\u0444\u043e\u043d: +49 521 61846<br \/>Email: <a href=\"mailto:peter.kynast@vote-for-peace.org\">peter.kynast@vote-for-peace.org<\/a><\/p><p><b>Haftung f\u00fcr Links<\/b><br \/>Unser Angebot enth\u00e4lt Links zu externen Webseiten Dritter, auf deren Inhalte wir keinen Einfluss haben. Deshalb k\u00f6nnen wir f\u00fcr diese fremden Inhalte auch keine Gew\u00e4hr \u00fcbernehmen. F\u00fcr die Inhalte der verlinkten Seiten ist stets der jeweilige Anbieter oder Betreiber der Seiten verantwortlich. Die verlinkten Seiten wurden zum Zeitpunkt der Verlinkung auf m\u00f6gliche Rechtsverst\u00f6\u00dfe \u00fcberpr\u00fcft. Rechtswidrige Inhalte waren zum Zeitpunkt der Verlinkung nicht erkennbar. Eine permanente inhaltliche Kontrolle der verlinkten Seiten ist jedoch ohne konkrete Anhaltspunkte einer Rechtsverletzung nicht zumutbar. Bei Bekanntwerden von Rechtsverletzungen werden wir derartige Links umgehend entfernen.<\/p>\t\t\t\t\t\t\t\t<\/div>\n\t\t\t\t<\/div>\n\t\t\t\t\t<\/div>\n\t\t\t\t<\/div>\n\t\t\t\t<\/div>","protected":false},"excerpt":{"rendered":"<p>Verantwortlich f\u00fcr den Inhalt Vote For PeacePeter KynastHochstra\u00dfe 1433615 BielefeldDeutschland KontaktTelefon: +49 521 61846Email: peter.kynast@vote-for-peace.org Haftung f\u00fcr LinksUnser Angebot enth\u00e4lt Links zu externen Webseiten Dritter, auf deren Inhalte wir keinen [&hellip;]<\/p>\n","protected":false},"author":2,"featured_media":0,"parent":0,"menu_order":0,"comment_status":"closed","ping_status":"closed","template":"","meta":{"footnotes":""},"class_list":["post-1285","page","type-page","status-publish","hentry"],"_links":{"self":[{"href":"https:\/\/www.vote-for-peace.org\/uk\/wp-json\/wp\/v2\/pages\/1285","targetHints":{"allow":["GET"]}}],"collection":[{"href":"https:\/\/www.vote-for-peace.org\/uk\/wp-json\/wp\/v2\/pages"}],"about":[{"href":"https:\/\/www.vote-for-peace.org\/uk\/wp-json\/wp\/v2\/types\/page"}],"author":[{"embeddable":true,"href":"https:\/\/www.vote-for-peace.org\/uk\/wp-json\/wp\/v2\/users\/2"}],"replies":[{"embeddable":true,"href":"https:\/\/www.vote-for-peace.org\/uk\/wp-json\/wp\/v2\/comments?post=1285"}],"version-history":[{"count":10,"href":"https:\/\/www.vote-for-peace.org\/uk\/wp-json\/wp\/v2\/pages\/1285\/revisions"}],"predecessor-version":[{"id":3988,"href":"https:\/\/www.vote-for-peace.org\/uk\/wp-json\/wp\/v2\/pages\/1285\/revisions\/3988"}],"wp:attachment":[{"href":"https:\/\/www.vote-for-peace.org\/uk\/wp-json\/wp\/v2\/media?parent=1285"}],"curies":[{"name":"wp","href":"https:\/\/api.w.org\/{rel}","templated":true}]}}