{"id":3027,"date":"2024-11-10T09:47:48","date_gmt":"2024-11-10T08:47:48","guid":{"rendered":"https:\/\/www.vote-for-peace.org\/?page_id=3027"},"modified":"2025-07-23T08:31:08","modified_gmt":"2025-07-23T06:31:08","slug":"blog","status":"publish","type":"page","link":"https:\/\/www.vote-for-peace.org\/uk\/blog\/","title":{"rendered":"\u0411\u043b\u043e\u0433"},"content":{"rendered":"<div data-elementor-type=\"wp-page\" data-elementor-id=\"3027\" class=\"elementor elementor-3027\" data-elementor-post-type=\"page\">\n\t\t\t\t<div class=\"elementor-element elementor-element-e06643b e-flex e-con-boxed e-con e-parent\" data-id=\"e06643b\" data-element_type=\"container\" data-e-type=\"container\">\n\t\t\t\t\t<div class=\"e-con-inner\">\n\t\t\t\t<div class=\"elementor-element elementor-element-016cd29 elementor-widget elementor-widget-text-editor\" data-id=\"016cd29\" data-element_type=\"widget\" data-e-type=\"widget\" data-widget_type=\"text-editor.default\">\n\t\t\t\t<div class=\"elementor-widget-container\">\n\t\t\t\t\t\t\t\t\t<p>\u0406\u043d\u0444\u043e\u0440\u043c\u0430\u0446\u0456\u044f \u043f\u0440\u043e \u00ab\u0413\u043e\u043b\u043e\u0441\u0443\u0439 \u0437\u0430 \u043c\u0438\u0440\u00bb<\/p>\t\t\t\t\t\t\t\t<\/div>\n\t\t\t\t<\/div>\n\t\t\t\t<div class=\"elementor-element elementor-element-0715a61 elementor-widget elementor-widget-search\" data-id=\"0715a61\" data-element_type=\"widget\" data-e-type=\"widget\" data-settings=\"{&quot;submit_trigger&quot;:&quot;both&quot;,&quot;pagination_type_options&quot;:&quot;numbers_previous_next&quot;,&quot;page_limit_settings&quot;:5}\" data-widget_type=\"search.default\">\n\t\t\t\t<div class=\"elementor-widget-container\">\n\t\t\t\t\t\t\t<search class=\"e-search hidden\" role=\"search\">\n\t\t\t<form class=\"e-search-form\" action=\"https:\/\/www.vote-for-peace.org\/uk\/\" method=\"get\" data-trp-original-action=\"https:\/\/www.vote-for-peace.org\/uk\">\n\n\t\t\t\t\n\t\t\t\t<label class=\"e-search-label\" for=\"search-0715a61\">\n\t\t\t\t\t<span class=\"elementor-screen-only\">\n\t\t\t\t\t\t\u041f\u043e\u0448\u0443\u043a\t\t\t\t\t<\/span>\n\t\t\t\t\t\t\t\t\t<\/label>\n\n\t\t\t\t<div class=\"e-search-input-wrapper\">\n\t\t\t\t\t<input id=\"search-0715a61\" placeholder=\"\u041f\u043e\u0448\u0443\u043a\" class=\"e-search-input\" type=\"search\" name=\"s\" value=\"\" autocomplete=\"off\" role=\"combobox\" aria-autocomplete=\"list\" aria-expanded=\"false\" aria-controls=\"results-0715a61\" aria-haspopup=\"listbox\">\n\t\t\t\t\t<svg aria-hidden=\"true\" class=\"e-font-icon-svg e-fas-times\" viewbox=\"0 0 352 512\" xmlns=\"http:\/\/www.w3.org\/2000\/svg\"><path d=\"M242.72 256l100.07-100.07c12.28-12.28 12.28-32.19 0-44.48l-22.24-22.24c-12.28-12.28-32.19-12.28-44.48 0L176 189.28 75.93 89.21c-12.28-12.28-32.19-12.28-44.48 0L9.21 111.45c-12.28 12.28-12.28 32.19 0 44.48L109.28 256 9.21 356.07c-12.28 12.28-12.28 32.19 0 44.48l22.24 22.24c12.28 12.28 32.2 12.28 44.48 0L176 322.72l100.07 100.07c12.28 12.28 32.2 12.28 44.48 0l22.24-22.24c12.28-12.28 12.28-32.19 0-44.48L242.72 256z\"><\/path><\/svg>\t\t\t\t\t\t\t\t\t\t<output id=\"results-0715a61\" class=\"e-search-results-container hide-loader\" aria-live=\"polite\" aria-atomic=\"true\" aria-label=\"\u0420\u0435\u0437\u0443\u043b\u044c\u0442\u0430\u0442\u0438 \u043f\u043e\u0448\u0443\u043a\u0443\" tabindex=\"0\">\n\t\t\t\t\t\t<div class=\"e-search-results\"><\/div>\n\t\t\t\t\t\t\t\t\t\t\t<\/output>\n\t\t\t\t\t\t\t\t\t<\/div>\n\t\t\t\t\n\t\t\t\t\n\t\t\t\t<button class=\"e-search-submit\" type=\"submit\">\n\t\t\t\t\t\n\t\t\t\t\t\t\t\t\t\t<span class=\"\">\n\t\t\t\t\t\t\u041f\u043e\u0448\u0443\u043a\t\t\t\t\t<\/span>\n\t\t\t\t\t\t\t\t\t<\/button>\n\t\t\t\t<input type=\"hidden\" name=\"e_search_props\" value=\"0715a61-3027\">\n\t\t\t<input type=\"hidden\" name=\"trp-form-language\" value=\"uk\"\/><\/form>\n\t\t<\/search>\n\t\t\t\t\t\t<\/div>\n\t\t\t\t<\/div>\n\t\t\t\t<div class=\"elementor-element elementor-element-8865479 elementor-grid-1 elementor-grid-tablet-2 elementor-grid-mobile-1 elementor-posts--thumbnail-top elementor-widget elementor-widget-posts\" data-id=\"8865479\" data-element_type=\"widget\" data-e-type=\"widget\" data-settings=\"{&quot;classic_columns&quot;:&quot;1&quot;,&quot;pagination_type&quot;:&quot;numbers_and_prev_next&quot;,&quot;classic_columns_tablet&quot;:&quot;2&quot;,&quot;classic_columns_mobile&quot;:&quot;1&quot;,&quot;classic_row_gap&quot;:{&quot;unit&quot;:&quot;px&quot;,&quot;size&quot;:35,&quot;sizes&quot;:[]},&quot;classic_row_gap_tablet&quot;:{&quot;unit&quot;:&quot;px&quot;,&quot;size&quot;:&quot;&quot;,&quot;sizes&quot;:[]},&quot;classic_row_gap_mobile&quot;:{&quot;unit&quot;:&quot;px&quot;,&quot;size&quot;:&quot;&quot;,&quot;sizes&quot;:[]}}\" data-widget_type=\"posts.classic\">\n\t\t\t\t<div class=\"elementor-widget-container\">\n\t\t\t\t\t\t\t<div class=\"elementor-posts-container elementor-posts elementor-posts--skin-classic elementor-grid\" role=\"list\">\n\t\t\t\t<article class=\"elementor-post elementor-grid-item post-4008 post type-post status-publish format-standard hentry category-blog\" role=\"listitem\">\n\t\t\t\t<div class=\"elementor-post__text\">\n\t\t\t\t<h2 class=\"elementor-post__title\">\n\t\t\t<a href=\"https:\/\/www.vote-for-peace.org\/uk\/blog\/2025\/08\/14\/erzeugt-frieden-streit\/\" >\n\t\t\t\t\u0427\u0438 \u043f\u043e\u0440\u043e\u0434\u0436\u0443\u0454 \u043c\u0438\u0440 \u043a\u043e\u043d\u0444\u043b\u0456\u043a\u0442?\t\t\t<\/a>\n\t\t<\/h2>\n\t\t\t\t<div class=\"elementor-post__meta-data\">\n\t\t\t\t\t<span class=\"elementor-post-author\">\n\t\t\t\u041f\u0435\u0442\u0440\u043e \u041a\u0438\u043d\u0430\u0441\u0442\t\t<\/span>\n\t\t\t\t<span class=\"elementor-post-date\">\n\t\t\t14. \u0421\u0435\u0440\u043f\u043d\u044f 2025\t\t<\/span>\n\t\t\t\t<\/div>\n\t\t\t\t<div class=\"elementor-post__excerpt\">\n\t\t\t<p>Kennst Du das? Wenn man Menschen fragt, ob sie Frieden wollen, sagen fast alle ja. Wenn sie dann aber konkret dar\u00fcber sprechen, wie man einen Krieg beenden kann, entstehen oft Meinungsverschiedenheiten. Der eine will einem angegriffenen Land Waffen liefern, damit es sich verteidigen kann und der andere will keine Waffen<\/p>\n\t\t<\/div>\n\t\t\n\t\t<a class=\"elementor-post__read-more\" href=\"https:\/\/www.vote-for-peace.org\/uk\/blog\/2025\/08\/14\/erzeugt-frieden-streit\/\" aria-label=\"Read more about Erzeugt Frieden Streit?\" tabindex=\"-1\" >\n\t\t\t\u0427\u0438\u0442\u0430\u0442\u0438 \u0434\u0430\u043b\u0456 \u00bb\t\t<\/a>\n\n\t\t\t\t<\/div>\n\t\t\t\t<\/article>\n\t\t\t\t<article class=\"elementor-post elementor-grid-item post-3966 post type-post status-publish format-standard hentry category-blog\" role=\"listitem\">\n\t\t\t\t<div class=\"elementor-post__text\">\n\t\t\t\t<h2 class=\"elementor-post__title\">\n\t\t\t<a href=\"https:\/\/www.vote-for-peace.org\/uk\/blog\/2025\/08\/05\/der-regenbogen-bei-vote-for-peace\/\" >\n\t\t\t\t\u0412\u0435\u0441\u0435\u043b\u043a\u0430 \u043d\u0430 Vote For Peace\t\t\t<\/a>\n\t\t<\/h2>\n\t\t\t\t<div class=\"elementor-post__meta-data\">\n\t\t\t\t\t<span class=\"elementor-post-author\">\n\t\t\t\u041f\u0435\u0442\u0440\u043e \u041a\u0438\u043d\u0430\u0441\u0442\t\t<\/span>\n\t\t\t\t<span class=\"elementor-post-date\">\n\t\t\t5. \u0421\u0435\u0440\u043f\u043d\u044f 2025\t\t<\/span>\n\t\t\t\t<\/div>\n\t\t\t\t<div class=\"elementor-post__excerpt\">\n\t\t\t<p>Bis zum Jahr 2024 haben wir unser Logo in den Farben des Regenbogens abgebildet. Diese Darstellung haben wir in Anlehnung an die Friedensfahne (PACE) von 1961 verwendet. In der Vergangenheit gab es aber deshalb h\u00e4ufiger Missverst\u00e4ndnisse und Irritationen, denn die Regenbogenfarben werden auch von der CSD-Bewegung benutzt. Da wir uns<\/p>\n\t\t<\/div>\n\t\t\n\t\t<a class=\"elementor-post__read-more\" href=\"https:\/\/www.vote-for-peace.org\/uk\/blog\/2025\/08\/05\/der-regenbogen-bei-vote-for-peace\/\" aria-label=\"Read more about Der Regenbogen bei Vote For Peace\" tabindex=\"-1\" >\n\t\t\t\u0427\u0438\u0442\u0430\u0442\u0438 \u0434\u0430\u043b\u0456 \u00bb\t\t<\/a>\n\n\t\t\t\t<\/div>\n\t\t\t\t<\/article>\n\t\t\t\t<article class=\"elementor-post elementor-grid-item post-3953 post type-post status-publish format-standard hentry category-blog tag-klimaschutz\" role=\"listitem\">\n\t\t\t\t<div class=\"elementor-post__text\">\n\t\t\t\t<h2 class=\"elementor-post__title\">\n\t\t\t<a href=\"https:\/\/www.vote-for-peace.org\/uk\/blog\/2025\/08\/04\/elementor-3953\/\" >\n\t\t\t\t\u0417\u0430\u0445\u0438\u0441\u0442 \u043a\u043b\u0456\u043c\u0430\u0442\u0443 \u0442\u0430 \u043c\u0438\u0440\t\t\t<\/a>\n\t\t<\/h2>\n\t\t\t\t<div class=\"elementor-post__meta-data\">\n\t\t\t\t\t<span class=\"elementor-post-author\">\n\t\t\t\u041f\u0435\u0442\u0440\u043e \u041a\u0438\u043d\u0430\u0441\u0442\t\t<\/span>\n\t\t\t\t<span class=\"elementor-post-date\">\n\t\t\t4. \u0421\u0435\u0440\u043f\u043d\u044f 2025\t\t<\/span>\n\t\t\t\t<\/div>\n\t\t\t\t<div class=\"elementor-post__excerpt\">\n\t\t\t<p>Die Erderw\u00e4rmung ist eine der gr\u00f6\u00dften Herausforderungen unserer Zeit. Viele Staaten haben bereits wichtige Schritte zum Schutze des Klimas unternommen, aber der so dringend notwendige gro\u00dfe Durchbruch ist nicht in Sicht. Es ist ein globales Problem und kann daher auch nur global gel\u00f6st werden. Es erfordert, dass die internationale Staatengemeinschaft<\/p>\n\t\t<\/div>\n\t\t\n\t\t<a class=\"elementor-post__read-more\" href=\"https:\/\/www.vote-for-peace.org\/uk\/blog\/2025\/08\/04\/elementor-3953\/\" aria-label=\"Read more about Klimaschutz und Frieden\" tabindex=\"-1\" >\n\t\t\t\u0427\u0438\u0442\u0430\u0442\u0438 \u0434\u0430\u043b\u0456 \u00bb\t\t<\/a>\n\n\t\t\t\t<\/div>\n\t\t\t\t<\/article>\n\t\t\t\t<article class=\"elementor-post elementor-grid-item post-3671 post type-post status-publish format-standard hentry category-blog tag-leitgedanken\" role=\"listitem\">\n\t\t\t\t<div class=\"elementor-post__text\">\n\t\t\t\t<h2 class=\"elementor-post__title\">\n\t\t\t<a href=\"https:\/\/www.vote-for-peace.org\/uk\/blog\/2025\/07\/15\/gedanken-zur-entstehung-von-vote-for-peace\/\" >\n\t\t\t\t\u0420\u043e\u0437\u0434\u0443\u043c\u0438 \u043f\u0440\u043e \u043f\u043e\u0445\u043e\u0434\u0436\u0435\u043d\u043d\u044f \u00ab\u0413\u043e\u043b\u043e\u0441\u0443 \u0437\u0430 \u043c\u0438\u0440\u00bb\t\t\t<\/a>\n\t\t<\/h2>\n\t\t\t\t<div class=\"elementor-post__meta-data\">\n\t\t\t\t\t<span class=\"elementor-post-author\">\n\t\t\t\u041f\u0435\u0442\u0440\u043e \u041a\u0438\u043d\u0430\u0441\u0442\t\t<\/span>\n\t\t\t\t<span class=\"elementor-post-date\">\n\t\t\t15. \u041b\u0438\u043f\u043d\u044f 2025\t\t<\/span>\n\t\t\t\t<\/div>\n\t\t\t\t<div class=\"elementor-post__excerpt\">\n\t\t\t<p>Gedanken, die zur Entstehung von Vote For Peace beigetragen haben. Wir schaffen es nur gemeinsam. Aber wie finden wir zusammen? Was ist der erste Schritt? Heute werden wir t\u00e4glich mit globalen Schreckensszenarien konfrontiert. Welchen globalen Plan setzen wir dem entgegen? Worte haben Gewicht. Stimmen haben Gewicht. Bilder haben Gewicht. K\u00f6nnen<\/p>\n\t\t<\/div>\n\t\t\n\t\t<a class=\"elementor-post__read-more\" href=\"https:\/\/www.vote-for-peace.org\/uk\/blog\/2025\/07\/15\/gedanken-zur-entstehung-von-vote-for-peace\/\" aria-label=\"Read more about Gedanken zur Entstehung von Vote For Peace\" tabindex=\"-1\" >\n\t\t\t\u0427\u0438\u0442\u0430\u0442\u0438 \u0434\u0430\u043b\u0456 \u00bb\t\t<\/a>\n\n\t\t\t\t<\/div>\n\t\t\t\t<\/article>\n\t\t\t\t<article class=\"elementor-post elementor-grid-item post-3024 post type-post status-publish format-standard hentry category-blog tag-leitgedanken tag-neutralitaet\" role=\"listitem\">\n\t\t\t\t<div class=\"elementor-post__text\">\n\t\t\t\t<h2 class=\"elementor-post__title\">\n\t\t\t<a href=\"https:\/\/www.vote-for-peace.org\/uk\/blog\/2024\/11\/10\/neutral\/\" >\n\t\t\t\t\u041d\u0435\u0439\u0442\u0440\u0430\u043b\u044c\u043d\u0438\u0439\t\t\t<\/a>\n\t\t<\/h2>\n\t\t\t\t<div class=\"elementor-post__meta-data\">\n\t\t\t\t\t<span class=\"elementor-post-author\">\n\t\t\t\u041f\u0435\u0442\u0440\u043e \u041a\u0438\u043d\u0430\u0441\u0442\t\t<\/span>\n\t\t\t\t<span class=\"elementor-post-date\">\n\t\t\t10. \u041b\u0438\u0441\u0442\u043e\u043f\u0430\u0434\u0430 2024\t\t<\/span>\n\t\t\t\t<\/div>\n\t\t\t\t<div class=\"elementor-post__excerpt\">\n\t\t\t<p>\u041c\u0438\u0440\u0443 \u043f\u043e\u0442\u0440\u0456\u0431\u0435\u043d \u0441\u0438\u043b\u044c\u043d\u0438\u0439 \u0433\u043e\u043b\u043e\u0441 \u0443 \u0441\u0432\u0456\u0442\u0456. \u0429\u043e\u0431 \u0434\u0456\u0439\u0441\u043d\u043e \u0437\u0440\u043e\u0431\u0438\u0442\u0438 \u0432\u0435\u043b\u0438\u043a\u0438\u0439 \u043a\u0440\u043e\u043a \u0431\u043b\u0438\u0436\u0447\u0435 \u0434\u043e \u043c\u0438\u0440\u0443, \u0431\u0430\u0433\u0430\u0442\u043e \u043b\u044e\u0434\u0435\u0439 \u043c\u0430\u044e\u0442\u044c \u0432\u0438\u0441\u0442\u0443\u043f\u0430\u0442\u0438 \u0437\u0430 \u043c\u0438\u0440. \u041c\u0435\u0442\u0430 Vote For Peace \u043f\u043e\u043b\u044f\u0433\u0430\u0454 \u0432 \u0442\u043e\u043c\u0443, \u0449\u043e\u0431 \u0443 \u044f\u043a\u0438\u0439\u0441\u044c \u043c\u043e\u043c\u0435\u043d\u0442 \u0443\u0441\u0456 8 \u043c\u0456\u043b\u044c\u044f\u0440\u0434\u0456\u0432 \u043b\u044e\u0434\u0435\u0439 \u0443 \u0432\u0441\u044c\u043e\u043c\u0443 \u0441\u0432\u0456\u0442\u0456 \u043f\u0440\u0438\u0441\u043b\u0443\u0445\u0430\u043b\u0438\u0441\u044f \u0434\u043e \u0446\u044c\u043e\u0433\u043e \u0437\u0430\u043a\u043b\u0438\u043a\u0443. \u0429\u043e\u0431 \u0434\u043e\u0441\u044f\u0433\u0442\u0438 \u0446\u044c\u043e\u0433\u043e,<\/p>\n\t\t<\/div>\n\t\t\n\t\t<a class=\"elementor-post__read-more\" href=\"https:\/\/www.vote-for-peace.org\/uk\/blog\/2024\/11\/10\/neutral\/\" aria-label=\"Read more about Neutral\" tabindex=\"-1\" >\n\t\t\t\u0427\u0438\u0442\u0430\u0442\u0438 \u0434\u0430\u043b\u0456 \u00bb\t\t<\/a>\n\n\t\t\t\t<\/div>\n\t\t\t\t<\/article>\n\t\t\t\t<\/div>\n\t\t\n\t\t\t\t\t\t<\/div>\n\t\t\t\t<\/div>\n\t\t\t\t\t<\/div>\n\t\t\t\t<\/div>\n\t\t\t\t<\/div>","protected":false},"excerpt":{"rendered":"<p>Informationen zu Vote For Peace Suche Suche<\/p>","protected":false},"author":1,"featured_media":0,"parent":0,"menu_order":0,"comment_status":"closed","ping_status":"closed","template":"","meta":{"footnotes":""},"class_list":["post-3027","page","type-page","status-publish","hentry"],"_links":{"self":[{"href":"https:\/\/www.vote-for-peace.org\/uk\/wp-json\/wp\/v2\/pages\/3027","targetHints":{"allow":["GET"]}}],"collection":[{"href":"https:\/\/www.vote-for-peace.org\/uk\/wp-json\/wp\/v2\/pages"}],"about":[{"href":"https:\/\/www.vote-for-peace.org\/uk\/wp-json\/wp\/v2\/types\/page"}],"author":[{"embeddable":true,"href":"https:\/\/www.vote-for-peace.org\/uk\/wp-json\/wp\/v2\/users\/1"}],"replies":[{"embeddable":true,"href":"https:\/\/www.vote-for-peace.org\/uk\/wp-json\/wp\/v2\/comments?post=3027"}],"version-history":[{"count":7,"href":"https:\/\/www.vote-for-peace.org\/uk\/wp-json\/wp\/v2\/pages\/3027\/revisions"}],"predecessor-version":[{"id":3842,"href":"https:\/\/www.vote-for-peace.org\/uk\/wp-json\/wp\/v2\/pages\/3027\/revisions\/3842"}],"wp:attachment":[{"href":"https:\/\/www.vote-for-peace.org\/uk\/wp-json\/wp\/v2\/media?parent=3027"}],"curies":[{"name":"wp","href":"https:\/\/api.w.org\/{rel}","templated":true}]}}